{"id":1061,"date":"2026-03-19T18:55:45","date_gmt":"2026-03-19T16:55:45","guid":{"rendered":"https:\/\/transilvaniadriver.ro\/tours-experiences\/"},"modified":"2026-04-29T21:11:31","modified_gmt":"2026-04-29T18:11:31","slug":"tururi","status":"publish","type":"page","link":"https:\/\/transilvaniadriver.ro\/ro\/tururi\/","title":{"rendered":"Tururi \u0219i experien\u021be"},"content":{"rendered":"\t\t<div data-elementor-type=\"wp-page\" data-elementor-id=\"1061\" class=\"elementor elementor-1061 elementor-1048\" data-elementor-post-type=\"page\">\n\t\t\t\t<div class=\"elementor-element elementor-element-3abbc1e e-flex e-con-boxed e-con e-parent\" data-id=\"3abbc1e\" data-element_type=\"container\" data-e-type=\"container\" data-settings=\"{&quot;background_background&quot;:&quot;classic&quot;}\">\n\t\t\t\t\t<div class=\"e-con-inner\">\n\t\t<div class=\"elementor-element elementor-element-cca9567 e-con-full e-flex e-con e-child\" data-id=\"cca9567\" data-element_type=\"container\" data-e-type=\"container\">\n\t\t\t\t<div class=\"elementor-element elementor-element-f5a189b elementor-widget elementor-widget-heading\" data-id=\"f5a189b\" data-element_type=\"widget\" data-e-type=\"widget\" data-widget_type=\"heading.default\">\n\t\t\t\t\t<h1 class=\"elementor-heading-title elementor-size-default\">Tururi \u0219i experien\u021be<\/h1>\t\t\t\t<\/div>\n\t\t\t\t<div class=\"elementor-element elementor-element-7a61e35 elementor-widget elementor-widget-button\" data-id=\"7a61e35\" data-element_type=\"widget\" data-e-type=\"widget\" data-widget_type=\"button.default\">\n\t\t\t\t\t\t\t\t\t\t<a class=\"elementor-button elementor-button-link elementor-size-sm\" href=\"#book-now\">\n\t\t\t\t\t\t<span class=\"elementor-button-content-wrapper\">\n\t\t\t\t\t\t\t\t\t<span class=\"elementor-button-text\">Rezerv\u0103 acum<\/span>\n\t\t\t\t\t<\/span>\n\t\t\t\t\t<\/a>\n\t\t\t\t\t\t\t\t<\/div>\n\t\t\t\t<\/div>\n\t\t\t\t\t<\/div>\n\t\t\t\t<\/div>\n\t\t<div class=\"elementor-element elementor-element-f35eac1 e-flex e-con-boxed e-con e-parent\" data-id=\"f35eac1\" data-element_type=\"container\" data-e-type=\"container\" id=\"book-now\">\n\t\t\t\t\t<div class=\"e-con-inner\">\n\t\t\t\t<div class=\"elementor-element elementor-element-fbda56d elementor-widget elementor-widget-html\" data-id=\"fbda56d\" data-element_type=\"widget\" data-e-type=\"widget\" data-widget_type=\"html.default\">\n\t\t\t\t\t<product-catalog-widget widget-id=\"b0507341-ac4a-4eb4-999e-b064039317d6\"><\/product-catalog-widget><script type=\"text\/javascript\" src=\"https:\/\/widgets.regiondo.net\/catalog\/v1\/catalog-widget.min.js\"><\/script>\t\t\t\t<\/div>\n\t\t\t\t\t<\/div>\n\t\t\t\t<\/div>\n\t\t<div class=\"elementor-element elementor-element-75bc7b3 e-flex e-con-boxed e-con e-parent\" data-id=\"75bc7b3\" data-element_type=\"container\" data-e-type=\"container\">\n\t\t\t\t\t<div class=\"e-con-inner\">\n\t\t\t\t<div class=\"elementor-element elementor-element-a797f2b elementor-widget elementor-widget-text-editor\" data-id=\"a797f2b\" data-element_type=\"widget\" data-e-type=\"widget\" data-widget_type=\"text-editor.default\">\n\t\t\t\t\t\t\t\t\t<p>Oferim tururi pentru grupuri mici de p\u00e2n\u0103 la 15 persoane. \u0218oferii \u0219i ghizii no\u0219tri sunt experimenta\u021bi, entuzia\u0219ti \u0219i curtenitori. V\u0103 vor conduce la locuri de interes \u0219i v\u0103 vor \u00eenso\u021bi. Tururile noastre personalizate includ toate tipurile de experien\u021be locale:<\/p><ul style=\"list-style: square;\"><li><b>istorie \u0219i arhitectur\u0103<\/b> (ora\u0219e medievale transilv\u0103nene, biserici fortificate s\u0103se\u0219ti \u0219i sate)<img decoding=\"async\" class=\"size-full wp-image-1051 alignright\" src=\"https:\/\/transilvaniadriver.ro\/wp-content\/uploads\/2026\/03\/driver1-e1396007381207.jpg\" alt=\"\" width=\"240\" height=\"160\"><\/li><\/ul><ul style=\"list-style: square;\"><li><b>explorarea naturii \u201eGr\u0103dinii Carpatice\u201d<\/b> (drume\u021bii \u00een Mun\u021bii Carpa\u021bi, parcuri naturale, excursii de tip sightseeing, observarea p\u0103s\u0103rilor, echita\u021bie \u0219i altele)<\/li><li><b>experien\u021be culinare \u0219i degust\u0103ri de vinuri<br><\/b><\/li><li><strong>tururi cu bicicleta<\/strong> prin peisajul rural \u0219i natura din Transilvania<\/li><\/ul><p>Putem adapta orice tur pentru a r\u0103spunde nevoilor grupului t\u0103u. <br>Nu l\u0103s\u0103m nimic la voia \u00eent\u00e2mpl\u0103rii, planific\u0103m pentru un rezultat excelent, care \u00eei va l\u0103sa pe to\u021bi relaxa\u021bi \u0219i z\u00e2mbitori.<\/p><p>Exist\u0103, de asemenea, servicii de \u00eenchiriere auto cu \u0219ofer sau ghid, disponibile la cerere pentru mai multe zile, iar noi te vom ajuta s\u0103 \u00ee\u021bi planifici c\u0103l\u0103toriile \u0219i s\u0103 profi\u021bi la maximum de aceast\u0103 regiune: locuri ascunse, departe de aglomera\u021bie, \u00eent\u00e2lniri cu localnicii, tradi\u021biile \u0219i gastronomia lor.<\/p><h3>Pre\u021buri<\/h3><p>C\u0103l\u0103toriile sunt de obicei taxate pe baz\u0103 de kilometraj \u0219i sunt predefinite. Totu\u0219i, pentru tururi \u0219i alte c\u0103l\u0103torii, vehiculul ales poate fi \u00eenchiriat pe or\u0103, zi, s\u0103pt\u0103m\u00e2n\u0103 \u0219i personalizat \u00een func\u021bie de nevoile dumneavoastr\u0103. Ne propunem s\u0103 avem o politic\u0103 de pre\u021buri corect\u0103 \u0219i competitiv\u0103, oferind un raport excelent calitate-pre\u021b.<\/p>\t\t\t\t\t\t\t\t<\/div>\n\t\t\t\t\t<\/div>\n\t\t\t\t<\/div>\n\t\t\t\t<\/div>\n\t\t","protected":false},"excerpt":{"rendered":"<p>Tururi \u0219i experien\u021be Rezerv\u0103 acum Oferim tururi pentru grupuri mici de p\u00e2n\u0103 la 15 persoane. \u0218oferii \u0219i ghizii no\u0219tri sunt experimenta\u021bi, entuzia\u0219ti \u0219i curtenitori. V\u0103 vor conduce la locuri de interes \u0219i v\u0103 vor \u00eenso\u021bi. Tururile noastre personalizate includ toate tipurile de experien\u021be locale: istorie \u0219i arhitectur\u0103 (ora\u0219e medievale transilv\u0103nene, biserici fortificate s\u0103se\u0219ti \u0219i sate) [&hellip;]<\/p>\n","protected":false},"author":3,"featured_media":0,"parent":0,"menu_order":0,"comment_status":"closed","ping_status":"closed","template":"elementor_header_footer","meta":{"footnotes":""},"class_list":["post-1061","page","type-page","status-publish","hentry"],"_links":{"self":[{"href":"https:\/\/transilvaniadriver.ro\/ro\/wp-json\/wp\/v2\/pages\/1061","targetHints":{"allow":["GET"]}}],"collection":[{"href":"https:\/\/transilvaniadriver.ro\/ro\/wp-json\/wp\/v2\/pages"}],"about":[{"href":"https:\/\/transilvaniadriver.ro\/ro\/wp-json\/wp\/v2\/types\/page"}],"author":[{"embeddable":true,"href":"https:\/\/transilvaniadriver.ro\/ro\/wp-json\/wp\/v2\/users\/3"}],"replies":[{"embeddable":true,"href":"https:\/\/transilvaniadriver.ro\/ro\/wp-json\/wp\/v2\/comments?post=1061"}],"version-history":[{"count":9,"href":"https:\/\/transilvaniadriver.ro\/ro\/wp-json\/wp\/v2\/pages\/1061\/revisions"}],"predecessor-version":[{"id":1589,"href":"https:\/\/transilvaniadriver.ro\/ro\/wp-json\/wp\/v2\/pages\/1061\/revisions\/1589"}],"wp:attachment":[{"href":"https:\/\/transilvaniadriver.ro\/ro\/wp-json\/wp\/v2\/media?parent=1061"}],"curies":[{"name":"wp","href":"https:\/\/api.w.org\/{rel}","templated":true}]}}