{"id":1064,"date":"2026-03-18T15:05:59","date_gmt":"2026-03-18T13:05:59","guid":{"rendered":"https:\/\/transilvaniadriver.ro\/targu-mures-airport-transfers\/"},"modified":"2026-04-29T21:11:30","modified_gmt":"2026-04-29T18:11:30","slug":"transferuri-aeroportuale-de-la-aeroportul-targu-mures","status":"publish","type":"page","link":"https:\/\/transilvaniadriver.ro\/ro\/transferuri-aeroportuale-de-la-aeroportul-targu-mures\/","title":{"rendered":"Transferuri de la Aeroportul T\u00e2rgu Mure\u0219"},"content":{"rendered":"\t\t<div data-elementor-type=\"wp-page\" data-elementor-id=\"1064\" class=\"elementor elementor-1064 elementor-935\" data-elementor-post-type=\"page\">\n\t\t\t\t<div class=\"elementor-element elementor-element-3abbc1e e-flex e-con-boxed e-con e-parent\" data-id=\"3abbc1e\" data-element_type=\"container\" data-e-type=\"container\" data-settings=\"{&quot;background_background&quot;:&quot;classic&quot;}\">\n\t\t\t\t\t<div class=\"e-con-inner\">\n\t\t<div class=\"elementor-element elementor-element-cca9567 e-con-full e-flex e-con e-child\" data-id=\"cca9567\" data-element_type=\"container\" data-e-type=\"container\">\n\t\t\t\t<div class=\"elementor-element elementor-element-f5a189b elementor-widget elementor-widget-heading\" data-id=\"f5a189b\" data-element_type=\"widget\" data-e-type=\"widget\" data-widget_type=\"heading.default\">\n\t\t\t\t\t<h1 class=\"elementor-heading-title elementor-size-default\">Transferuri de la Aeroportul T\u00e2rgu Mure\u0219<\/h1>\t\t\t\t<\/div>\n\t\t\t\t<div class=\"elementor-element elementor-element-7a61e35 elementor-widget elementor-widget-button\" data-id=\"7a61e35\" data-element_type=\"widget\" data-e-type=\"widget\" data-widget_type=\"button.default\">\n\t\t\t\t\t\t\t\t\t\t<a class=\"elementor-button elementor-button-link elementor-size-sm\" href=\"#book-now\">\n\t\t\t\t\t\t<span class=\"elementor-button-content-wrapper\">\n\t\t\t\t\t\t\t\t\t<span class=\"elementor-button-text\">Rezerv\u0103 acum<\/span>\n\t\t\t\t\t<\/span>\n\t\t\t\t\t<\/a>\n\t\t\t\t\t\t\t\t<\/div>\n\t\t\t\t<\/div>\n\t\t\t\t\t<\/div>\n\t\t\t\t<\/div>\n\t\t<div class=\"elementor-element elementor-element-f35eac1 e-flex e-con-boxed e-con e-parent\" data-id=\"f35eac1\" data-element_type=\"container\" data-e-type=\"container\" id=\"book-now\">\n\t\t\t\t\t<div class=\"e-con-inner\">\n\t\t\t\t<div class=\"elementor-element elementor-element-fbda56d elementor-widget elementor-widget-html\" data-id=\"fbda56d\" data-element_type=\"widget\" data-e-type=\"widget\" data-widget_type=\"html.default\">\n\t\t\t\t\t<product-catalog-widget widget-id=\"66e315b4-0824-43a0-82c2-4e2bc0d934fc\"><\/product-catalog-widget><script type=\"text\/javascript\" src=\"https:\/\/widgets.regiondo.net\/catalog\/v1\/catalog-widget.min.js\"><\/script>\t\t\t\t<\/div>\n\t\t\t\t\t<\/div>\n\t\t\t\t<\/div>\n\t\t<div class=\"elementor-element elementor-element-75bc7b3 e-flex e-con-boxed e-con e-parent\" data-id=\"75bc7b3\" data-element_type=\"container\" data-e-type=\"container\">\n\t\t\t\t\t<div class=\"e-con-inner\">\n\t\t\t\t<div class=\"elementor-element elementor-element-a797f2b elementor-widget elementor-widget-text-editor\" data-id=\"a797f2b\" data-element_type=\"widget\" data-e-type=\"widget\" data-widget_type=\"text-editor.default\">\n\t\t\t\t\t\t\t\t\t<p>T\u00e2rgu Mure\u0219 ofer\u0103 o combina\u021bie de istorie, cultur\u0103 \u0219i frumuse\u021be natural\u0103, ceea ce \u00eel face o destina\u021bie atractiv\u0103 pentru cei care se bucur\u0103 s\u0103 exploreze locuri noi. T\u00e2rgu Mure\u0219 g\u0103zduie\u0219te mai multe repere istorice, precum Palatul Culturii \u0219i Cetatea Medieval\u0103, precum \u0219i numeroase muzee, expozi\u021bii de art\u0103 \u0219i evenimente culturale. Ora\u0219ul este, de asemenea, \u00eenconjurat de peisaje pitore\u0219ti \u0219i parcuri naturale, oferind oportunit\u0103\u021bi pentru recreere \u00een aer liber \u0219i relaxare. Cu comunitatea sa vibrant\u0103, patrimoniul cultural bogat \u0219i atrac\u021biile turistice atractive, T\u00e2rgu Mure\u0219 merit\u0103 cu siguran\u021b\u0103 o vizit\u0103.<\/p><p>C\u0103l\u0103toria cu ma\u0219ina \u00een Transilvania, Rom\u00e2nia, poate fi un mod convenabil \u0219i pl\u0103cut de a explora regiunea. Transilvania este cunoscut\u0103 pentru peisajele sale pitore\u0219ti, ora\u0219ele istorice \u0219i drumurile panoramice, ceea ce o face o destina\u021bie ideal\u0103 pentru excursii cu ma\u0219ina. Iat\u0103 c\u00e2teva sfaturi pentru a c\u0103l\u0103tori cu ma\u0219ina \u00een Transilvania:<\/p><ol><li>Planific\u0103-\u021bi traseul: Asigur\u0103-te c\u0103 \u00ee\u021bi planifici traseul din timp, \u021bin\u00e2nd cont de durata estimat\u0103 a c\u0103l\u0103toriei, condi\u021biile de drum \u0219i eventualele \u00eenchideri de drumuri sau rute ocolitoare.<\/li><li>Familiarizeaz\u0103-te cu indicatoarele \u0219i regulile de circula\u021bie din Rom\u00e2nia: acestea pot fi diferite de cele din \u021bara ta, a\u0219a c\u0103 este important s\u0103 te obi\u0219nuie\u0219ti cu ele \u00eenainte de a \u00eencepe s\u0103 conduci.<\/li><li>Fii preg\u0103tit pentru condi\u021bii de drum variate: drumurile din Transilvania pot varia de la autostr\u0103zi moderne la drumuri montane \u00eenguste \u0219i sinuoase, a\u0219a c\u0103 este important s\u0103 fii preg\u0103tit pentru diferite condi\u021bii de condus.<\/li><li>Condu preventiv: Ca \u00een orice c\u0103l\u0103torie cu ma\u0219ina, este important s\u0103 conduci preventiv, mai ales pe drumuri necunoscute. Fii atent la ceilal\u021bi \u0219oferi \u0219i poart\u0103 \u00eentotdeauna centura de siguran\u021b\u0103.<\/li><li>Preg\u0103te\u0219te un kit pentru c\u0103l\u0103torie: Asigur\u0103-te c\u0103 incluzi o hart\u0103, o trus\u0103 de prim ajutor, un \u00eenc\u0103rc\u0103tor pentru telefon \u0219i orice alte lucruri esen\u021biale de care ai putea avea nevoie \u00een timpul c\u0103l\u0103toriei.<\/li><\/ol><p>Exist\u0103 mai multe avantaje \u00een a angaja un ghid atunci c\u00e2nd c\u0103l\u0103tore\u0219ti \u00een Transilvania:<\/p><ol><li>Cuno\u0219tin\u021be de specialitate: Un ghid local are cuno\u0219tin\u021be vaste despre istoria, cultura \u0219i obiceiurile locale ale zonei. Ace\u0219tia pot oferi informa\u021bii detaliate \u0219i perspective pe care altfel nu le-ai avea la dispozi\u021bie.<\/li><li>Economisire de timp: Un ghid te poate ajuta s\u0103 \u00ee\u021bi valorifici timpul la maximum, planific\u00e2nd \u0219i organiz\u00e2nd itinerariul \u0219i ocup\u00e2ndu-se de logistica c\u0103l\u0103toriei tale.<\/li><li>Siguran\u021b\u0103 sporit\u0103: Angajarea unui ghid poate oferi un nivel mai ridicat de siguran\u021b\u0103 atunci c\u00e2nd c\u0103l\u0103tore\u0219ti \u00eentr-o \u021bar\u0103 str\u0103in\u0103, mai ales dac\u0103 nu e\u0219ti familiarizat cu limba \u0219i cultura local\u0103.<\/li><li>Experien\u021b\u0103 personalizat\u0103: Un ghid poate crea un itinerar adaptat intereselor \u0219i preferin\u021belor tale, permi\u021b\u00e2ndu-\u021bi s\u0103 ai o experien\u021b\u0103 de c\u0103l\u0103torie mai personalizat\u0103 \u0219i mai semnificativ\u0103.<\/li><li>Acces la locuri ascunse: Un ghid local are cuno\u0219tin\u021be din interior despre cele mai bune locuri de vizitat, inclusiv comori ascunse, mai pu\u021bin cunoscute de turi\u0219ti.<\/li><li>Comoditate: Un ghid se poate ocupa de toate detaliile c\u0103l\u0103toriei tale, permi\u021b\u00e2ndu-\u021bi s\u0103 te relaxezi \u0219i s\u0103 te bucuri de experien\u021ba de c\u0103l\u0103torie.<\/li><\/ol><p>Angaj\u00e2nd un ghid, po\u021bi avea o experien\u021b\u0103 de c\u0103l\u0103torie mai captivant\u0103 \u0219i mai pl\u0103cut\u0103 \u0219i po\u021bi dob\u00e2ndi o \u00een\u021belegere mai profund\u0103 a culturii \u0219i istoriei locale.<\/p><p>Po\u021bi citi c\u00e2teva dintre experien\u021bele oaspe\u021bilor no\u0219tri cu noi pe <a href=\"https:\/\/www.tripadvisor.co.uk\/Attraction_Review-g298477-d10588228-Reviews-Transilvania_Driver-Targu_Mures_Mures_County_Central_Romania_Transylvania.html\" target=\"_blank\" rel=\"noopener\">TripAdvisor<\/a>.<\/p><p>Po\u021bi rezerva unul dintre tururile noastre din <a href=\"https:\/\/transilvaniadriver.ro\/ro\/tururi\/\">T\u00e2rgu Mure\u0219<\/a>.<\/p>\t\t\t\t\t\t\t\t<\/div>\n\t\t\t\t\t<\/div>\n\t\t\t\t<\/div>\n\t\t\t\t<\/div>\n\t\t","protected":false},"excerpt":{"rendered":"<p>Transferuri de la Aeroportul T\u00e2rgu Mure\u0219 Rezerv\u0103 acum T\u00e2rgu Mure\u0219 ofer\u0103 o combina\u021bie de istorie, cultur\u0103 \u0219i frumuse\u021be natural\u0103, ceea ce \u00eel face o destina\u021bie atractiv\u0103 pentru cei care se bucur\u0103 s\u0103 exploreze locuri noi. T\u00e2rgu Mure\u0219 g\u0103zduie\u0219te mai multe repere istorice, precum Palatul Culturii \u0219i Cetatea Medieval\u0103, precum \u0219i numeroase muzee, expozi\u021bii de art\u0103 [&hellip;]<\/p>\n","protected":false},"author":3,"featured_media":0,"parent":0,"menu_order":0,"comment_status":"closed","ping_status":"closed","template":"elementor_header_footer","meta":{"footnotes":""},"class_list":["post-1064","page","type-page","status-publish","hentry"],"_links":{"self":[{"href":"https:\/\/transilvaniadriver.ro\/ro\/wp-json\/wp\/v2\/pages\/1064","targetHints":{"allow":["GET"]}}],"collection":[{"href":"https:\/\/transilvaniadriver.ro\/ro\/wp-json\/wp\/v2\/pages"}],"about":[{"href":"https:\/\/transilvaniadriver.ro\/ro\/wp-json\/wp\/v2\/types\/page"}],"author":[{"embeddable":true,"href":"https:\/\/transilvaniadriver.ro\/ro\/wp-json\/wp\/v2\/users\/3"}],"replies":[{"embeddable":true,"href":"https:\/\/transilvaniadriver.ro\/ro\/wp-json\/wp\/v2\/comments?post=1064"}],"version-history":[{"count":9,"href":"https:\/\/transilvaniadriver.ro\/ro\/wp-json\/wp\/v2\/pages\/1064\/revisions"}],"predecessor-version":[{"id":1577,"href":"https:\/\/transilvaniadriver.ro\/ro\/wp-json\/wp\/v2\/pages\/1064\/revisions\/1577"}],"wp:attachment":[{"href":"https:\/\/transilvaniadriver.ro\/ro\/wp-json\/wp\/v2\/media?parent=1064"}],"curies":[{"name":"wp","href":"https:\/\/api.w.org\/{rel}","templated":true}]}}