{"id":11,"date":"2014-03-26T23:23:43","date_gmt":"2014-03-26T21:23:43","guid":{"rendered":"http:\/\/transilvaniadriver.ro\/ro\/?page_id=11"},"modified":"2018-01-26T12:09:09","modified_gmt":"2018-01-26T10:09:09","slug":"rezervari","status":"publish","type":"page","link":"https:\/\/transilvaniadriver.ro\/ro\/rezervari\/","title":{"rendered":"Pre\u021buri"},"content":{"rendered":"<p>&nbsp;<\/p>\n<p>Pentru detalii si rezervari contactati-ne pe mail sau la telefon<\/p>\n<p>Mai jos sunt preturile din aeroporturile pe care operam catre cele mai populare destinatii:<\/p>\n<ul>\n<li><span style=\"color: #000080;\"><a style=\"color: #000080;\" href=\"http:\/\/transilvaniadriver.ro\/ro\/wp-content\/uploads\/2018\/01\/Aeroport-Cluj.pdf\" target=\"_blank\" rel=\"noopener\">Aeroport Cluj<\/a><\/span><\/li>\n<li><span style=\"color: #000080;\"> <a style=\"color: #000080;\" href=\"http:\/\/transilvaniadriver.ro\/ro\/wp-content\/uploads\/2018\/01\/Aeroportul-Sibiu.pdf\" target=\"_blank\" rel=\"noopener\">Aeroportul Sibiu<\/a> <\/span><\/li>\n<li><span style=\"color: #000080;\"><a style=\"color: #000080;\" href=\"http:\/\/transilvaniadriver.ro\/ro\/wp-content\/uploads\/2018\/01\/Aeroportul-Targu-Mures.pdf\" target=\"_blank\" rel=\"noopener\">Aeroportul Targu Mures<\/a><\/span><\/li>\n<li><span style=\"color: #000080;\"> <a style=\"color: #000080;\" href=\"http:\/\/transilvaniadriver.ro\/ro\/wp-content\/uploads\/2018\/01\/Aerport-Otopeni-.pdf\" target=\"_blank\" rel=\"noopener\">Aerport Otopeni<\/a><\/span><\/li>\n<\/ul>\n<p>Dac\u0103 nu g\u0103si\u021bi destina\u021bia dumneavoastr\u0103 in tabele va rug\u0103m s\u0103 completa\u021bi un formular de cerere ofert\u0103 \u0219i v\u0103 vom personaliza oferta<\/p>\n<p>Dac\u0103 destina\u021bia dumneavoastr\u0103 este \u00een tabele v\u0103 rug\u0103m s\u0103 completa\u0219i formularul de rezervare pentru a v\u0103 putea trimite voucerul de transport \u0219i pentru confirmarea comenzii<\/p>\n\n<div class=\"wpcf7 no-js\" id=\"wpcf7-f29-o1\" lang=\"ro-RO\" dir=\"ltr\" data-wpcf7-id=\"29\">\n<div class=\"screen-reader-response\"><p role=\"status\" aria-live=\"polite\" aria-atomic=\"true\"><\/p> <ul><\/ul><\/div>\n<form action=\"\/ro\/wp-json\/wp\/v2\/pages\/11#wpcf7-f29-o1\" method=\"post\" class=\"wpcf7-form init\" aria-label=\"Formular de contact\" novalidate=\"novalidate\" data-status=\"init\">\n<fieldset class=\"hidden-fields-container\"><input type=\"hidden\" name=\"_wpcf7\" value=\"29\" \/><input type=\"hidden\" name=\"_wpcf7_version\" value=\"6.1.5\" \/><input type=\"hidden\" name=\"_wpcf7_locale\" value=\"ro_RO\" \/><input type=\"hidden\" name=\"_wpcf7_unit_tag\" value=\"wpcf7-f29-o1\" \/><input type=\"hidden\" name=\"_wpcf7_container_post\" value=\"0\" \/><input type=\"hidden\" name=\"_wpcf7_posted_data_hash\" value=\"\" \/>\n<\/fieldset>\n<p>Nume*:\n<\/p>\n<p><span class=\"wpcf7-form-control-wrap\" data-name=\"your-name\"><input size=\"40\" maxlength=\"400\" class=\"wpcf7-form-control wpcf7-text wpcf7-validates-as-required\" aria-required=\"true\" aria-invalid=\"false\" value=\"\" type=\"text\" name=\"your-name\" \/><\/span>\n<\/p>\n<p>Email*:\n<\/p>\n<p><span class=\"wpcf7-form-control-wrap\" data-name=\"your-email\"><input size=\"40\" maxlength=\"400\" class=\"wpcf7-form-control wpcf7-email wpcf7-validates-as-required wpcf7-text wpcf7-validates-as-email\" aria-required=\"true\" aria-invalid=\"false\" value=\"\" type=\"email\" name=\"your-email\" \/><\/span>\n<\/p>\n<p>Telefon*:\n<\/p>\n<p><span class=\"wpcf7-form-control-wrap\" data-name=\"tel-38\"><input size=\"40\" maxlength=\"400\" class=\"wpcf7-form-control wpcf7-tel wpcf7-validates-as-required wpcf7-text wpcf7-validates-as-tel\" aria-required=\"true\" aria-invalid=\"false\" value=\"\" type=\"tel\" name=\"tel-38\" \/><\/span>\n<\/p>\n<p>Loc de plecare*:\n<\/p>\n<p><span class=\"wpcf7-form-control-wrap\" data-name=\"text-63\"><input size=\"40\" maxlength=\"400\" class=\"wpcf7-form-control wpcf7-text wpcf7-validates-as-required\" aria-required=\"true\" aria-invalid=\"false\" value=\"\" type=\"text\" name=\"text-63\" \/><\/span>\n<\/p>\n<p>Numarul zborului:\n<\/p>\n<p><span class=\"wpcf7-form-control-wrap\" data-name=\"text-507\"><input size=\"40\" maxlength=\"400\" class=\"wpcf7-form-control wpcf7-text\" aria-invalid=\"false\" value=\"\" type=\"text\" name=\"text-507\" \/><\/span>\n<\/p>\n<p>Data plecarii*:\n<\/p>\n<p><span class=\"wpcf7-form-control-wrap\" data-name=\"date-343\"><input class=\"wpcf7-form-control wpcf7-date wpcf7-validates-as-required wpcf7-validates-as-date\" aria-required=\"true\" aria-invalid=\"false\" value=\"\" type=\"date\" name=\"date-343\" \/><\/span>\n<\/p>\n<p>Ora plecarii*:\n<\/p>\n<p>[time time-796 time-format:HH:mm min-hour:0 max-hour:24 min-minute:0 max-minute:60 min-second:0 max-second:60]\n<\/p>\n<p>Destinatie*:\n<\/p>\n<p><span class=\"wpcf7-form-control-wrap\" data-name=\"text-201\"><input size=\"40\" maxlength=\"400\" class=\"wpcf7-form-control wpcf7-text wpcf7-validates-as-required\" aria-required=\"true\" aria-invalid=\"false\" value=\"\" type=\"text\" name=\"text-201\" \/><\/span>\n<\/p>\n<p>Tipul de masina*:\n<\/p>\n<p><span class=\"wpcf7-form-control-wrap\" data-name=\"menu-677\"><select class=\"wpcf7-form-control wpcf7-select\" aria-invalid=\"false\" name=\"menu-677\"><option value=\"\">- Te rog alege o op\u021biune -<\/option><option value=\"Economic\">Economic<\/option><option value=\"Family\">Family<\/option><option value=\"Lux\">Lux<\/option><\/select><\/span>\n<\/p>\n<p>Modalitate de plata*:\n<\/p>\n<p><span class=\"wpcf7-form-control-wrap\" data-name=\"checkbox-449\"><span class=\"wpcf7-form-control wpcf7-checkbox\"><span class=\"wpcf7-list-item first\"><span class=\"wpcf7-list-item-label\">Bank transfer<\/span><input type=\"checkbox\" name=\"checkbox-449[]\" value=\"Bank transfer\" \/><\/span><span class=\"wpcf7-list-item last\"><span class=\"wpcf7-list-item-label\">Cash<\/span><input type=\"checkbox\" name=\"checkbox-449[]\" value=\"Cash\" \/><\/span><\/span><\/span>\n<\/p>\n<p><input class=\"wpcf7-form-control wpcf7-submit has-spinner\" type=\"submit\" value=\"Trimite\" \/>\n<\/p><p style=\"display: none !important;\" class=\"akismet-fields-container\" data-prefix=\"_wpcf7_ak_\"><label>&#916;<textarea name=\"_wpcf7_ak_hp_textarea\" cols=\"45\" rows=\"8\" maxlength=\"100\"><\/textarea><\/label><input type=\"hidden\" id=\"ak_js_1\" name=\"_wpcf7_ak_js\" value=\"204\"\/><script>document.getElementById( \"ak_js_1\" ).setAttribute( \"value\", ( new Date() ).getTime() );<\/script><\/p><div class=\"wpcf7-response-output\" aria-hidden=\"true\"><\/div>\n<\/form>\n<\/div>\n\n<div id=\"__if72ru4sdfsdfrkjahiuyi_once\" style=\"display: none;\"><\/div>\n<div id=\"__hggasdgjhsagd_once\" style=\"display: none;\"><\/div>\n","protected":false},"excerpt":{"rendered":"<p>&nbsp; Pentru detalii si rezervari contactati-ne pe mail sau la telefon Mai jos sunt preturile din aeroporturile pe care operam catre cele mai populare destinatii: Aeroport Cluj Aeroportul Sibiu Aeroportul Targu Mures Aerport Otopeni Dac\u0103 nu g\u0103si\u021bi destina\u021bia dumneavoastr\u0103 in tabele va rug\u0103m s\u0103 completa\u021bi un formular de cerere ofert\u0103 \u0219i v\u0103 vom personaliza oferta [&hellip;]<\/p>\n","protected":false},"author":2,"featured_media":0,"parent":0,"menu_order":4,"comment_status":"open","ping_status":"open","template":"","meta":{"footnotes":""},"class_list":["post-11","page","type-page","status-publish","hentry"],"aioseo_notices":[],"_links":{"self":[{"href":"https:\/\/transilvaniadriver.ro\/ro\/wp-json\/wp\/v2\/pages\/11","targetHints":{"allow":["GET"]}}],"collection":[{"href":"https:\/\/transilvaniadriver.ro\/ro\/wp-json\/wp\/v2\/pages"}],"about":[{"href":"https:\/\/transilvaniadriver.ro\/ro\/wp-json\/wp\/v2\/types\/page"}],"author":[{"embeddable":true,"href":"https:\/\/transilvaniadriver.ro\/ro\/wp-json\/wp\/v2\/users\/2"}],"replies":[{"embeddable":true,"href":"https:\/\/transilvaniadriver.ro\/ro\/wp-json\/wp\/v2\/comments?post=11"}],"version-history":[{"count":25,"href":"https:\/\/transilvaniadriver.ro\/ro\/wp-json\/wp\/v2\/pages\/11\/revisions"}],"predecessor-version":[{"id":230,"href":"https:\/\/transilvaniadriver.ro\/ro\/wp-json\/wp\/v2\/pages\/11\/revisions\/230"}],"wp:attachment":[{"href":"https:\/\/transilvaniadriver.ro\/ro\/wp-json\/wp\/v2\/media?parent=11"}],"curies":[{"name":"wp","href":"https:\/\/api.w.org\/{rel}","templated":true}]}}