{"id":1141,"date":"2026-03-19T20:27:21","date_gmt":"2026-03-19T18:27:21","guid":{"rendered":"https:\/\/transilvaniadriver.ro\/preturi\/"},"modified":"2026-04-29T21:11:23","modified_gmt":"2026-04-29T18:11:23","slug":"rezervari","status":"publish","type":"page","link":"https:\/\/transilvaniadriver.ro\/ro\/rezervari\/","title":{"rendered":"Pre\u021buri"},"content":{"rendered":"\t\t<div data-elementor-type=\"wp-page\" data-elementor-id=\"1141\" class=\"elementor elementor-1141 elementor-1124\" data-elementor-post-type=\"page\">\n\t\t\t\t<div class=\"elementor-element elementor-element-f35eac1 e-flex e-con-boxed e-con e-parent\" data-id=\"f35eac1\" data-element_type=\"container\" data-e-type=\"container\" id=\"book-now\">\n\t\t\t\t\t<div class=\"e-con-inner\">\n\t\t\t\t<div class=\"elementor-element elementor-element-ece238c elementor-widget elementor-widget-text-editor\" data-id=\"ece238c\" data-element_type=\"widget\" data-e-type=\"widget\" data-widget_type=\"text-editor.default\">\n\t\t\t\t\t\t\t\t\t<p>Iat\u0103 c\u00e2teva destina\u021bii populare de la aeroporturile pe care le oper\u0103m:<\/p><ul><li><a href=\"https:\/\/transilvaniadriver.ro\/ro\/transferuri-de-la-aeroportul-cluj\/\" rel=\"noopener noreferrer\">Transferuri de la Aeroportul Cluj<\/a><\/li><li><a href=\"https:\/\/transilvaniadriver.ro\/ro\/transferuri-aeroportuale-de-la-aeroportul-targu-mures\/\" rel=\"noopener noreferrer\">Transferuri de la Aeroportul T\u00e2rgu Mure\u0219<\/a><\/li><li><a href=\"https:\/\/transilvaniadriver.ro\/ro\/transferuri-aeroportuale-de-la-aeroportul-sibiu\/\" rel=\"noopener noreferrer\">Transferuri de la Aeroportul Sibiu<\/a><\/li><li><a href=\"https:\/\/transilvaniadriver.ro\/ro\/transferuri-aeroportuale-de-la-aeroportul-bucuresti\/\" rel=\"noopener noreferrer\">Aeroportul Otopeni <\/a>(Bucure\u0219ti)<\/li><\/ul><p>Dac\u0103 nu g\u0103si\u021bi destina\u021bia \u00een tabelele noastre de pre\u021buri, v\u0103 rug\u0103m s\u0103 completa\u021bi formularul nostru de solicitare, iar noi v\u0103 vom oferi o ofert\u0103 personalizat\u0103.<\/p><p>Transferul privat de plecare din Sighi\u0219oara este un serviciu disponibil de la toate hotelurile din zona Sighi\u0219oara c\u0103tre aeroporturi. <br><a href=\"https:\/\/transilvaniadriver.ro\/ro\/transferuri-de-la-aeroport-din-sighisoara\/\" rel=\"noopener noreferrer\">Transferuri de aeroport \u0219i tururi din Sighi\u0219oara<\/a><\/p><p>Transferul privat de plecare din Sovata este un serviciu disponibil de la toate hotelurile din zona Sovata c\u0103tre aeroporturi. <br><a href=\"https:\/\/transilvaniadriver.ro\/ro\/transferuri-aeroportuale-de-la-sovata\/\" rel=\"noopener noreferrer\">Transferuri de aeroport \u0219i tururi din Sovata<\/a><\/p><p>Dac\u0103 destina\u021bia dvs. se afl\u0103 \u00een tabel, pute\u021bi face o rezervare \u0219i ve\u021bi primi o confirmare cu toate detaliile de care ave\u021bi nevoie pentru c\u0103l\u0103toria dvs.<\/p><pre dir=\"ltr\"><span lang=\"de\">Flughafen-Transfers Klausenburg, Mietwagen mit Fahrer transilvania<\/span><\/pre><pre dir=\"ltr\"><span lang=\"cs\">transfery z leti\u0161t\u011b , zap\u016fj\u010den\u00ed vozu s \u0159idi\u010dem Transilvania<\/span><\/pre><pre dir=\"ltr\"><span lang=\"ru\">\u0442\u0440\u0430\u043d\u0441\u0444\u0435\u0440 \u0438\u0437 \u0430\u044d\u0440\u043e\u043f\u043e\u0440\u0442\u0430 , \u0430\u0440\u0435\u043d\u0434\u0430 \u0430\u0432\u0442\u043e\u043c\u043e\u0431\u0438\u043b\u044f \u0441 \u0432\u043e\u0434\u0438\u0442\u0435\u043b\u0435\u043c \u0422\u0440\u0430\u043d\u0441\u0438\u043b\u044c\u0432\u0430\u043d\u0438\u0438<\/span><\/pre><pre dir=\"ltr\"><span lang=\"it\">trasferimenti aeroporto Cluj, noleggio auto con autista transilvania<\/span><\/pre><pre dir=\"ltr\"><span lang=\"zh-CN\">\u673a\u573a\u63a5\u9001\uff0c\u79df\u8f66\u914d\u53f8\u673aTRANSILVANIA<\/span><\/pre><pre dir=\"ltr\"><span lang=\"fr\">les transferts a\u00e9roport et louer une voiture avec chauffeur \u00e0 Transilvania<\/span><\/pre><pre dir=\"rtl\"><span lang=\"iw\">\u05d4\u05e2\u05d1\u05e8\u05d5\u05ea \u05de\u05e9\u05d3\u05d4 \u05d4\u05ea\u05e2\u05d5\u05e4\u05d4\u05d5\u05dc\u05e9\u05db\u05d5\u05e8 \u05e8\u05db\u05d1 \u05e2\u05dd \u05e0\u05d4\u05d2\u05d1\u05d8\u05e8\u05e0\u05e1\u05d9\u05dc\u05d1\u05e0\u05d9<\/span><\/pre><pre dir=\"ltr\"><span lang=\"el\">\u03bc\u03b5\u03c4\u03b1\u03c6\u03bf\u03c1\u03ac \u03b1\u03c0\u03cc \u03c4\u03bf \u03b1\u03b5\u03c1\u03bf\u03b4\u03c1\u03cc\u03bc\u03b9\u03bf \u03ba\u03b1\u03b9 \u03b5\u03bd\u03bf\u03b9\u03ba\u03af\u03b1\u03c3\u03b7 \u03b1\u03c5\u03c4\u03bf\u03ba\u03b9\u03bd\u03ae\u03c4\u03bf\u03c5 \u03bc\u03b5 \u03bf\u03b4\u03b7\u03b3\u03cc \u03c3\u03c4\u03bf Transilvania<\/span><\/pre><pre dir=\"ltr\"><span lang=\"pl\">ransfer zi na lotnisko oraz wynajem samochodu z kierowc\u0105 w Transylwanii<\/span><\/pre><pre dir=\"ltr\"><span lang=\"es\">traslados al aeropuerto y alquiler de coches con conductor en Transilvania<\/span><\/pre>\t\t\t\t\t\t\t\t<\/div>\n\t\t\t\t<div class=\"elementor-element elementor-element-a547c8c elementor-widget elementor-widget-text-editor\" data-id=\"a547c8c\" data-element_type=\"widget\" data-e-type=\"widget\" data-widget_type=\"text-editor.default\">\n\t\t\t\t\t\t\t\t\t<p>\n<div class=\"wpcf7 no-js\" id=\"wpcf7-f1235-o1\" lang=\"ro-RO\" dir=\"ltr\" data-wpcf7-id=\"1235\">\n<div class=\"screen-reader-response\"><p role=\"status\" aria-live=\"polite\" aria-atomic=\"true\"><\/p> <ul><\/ul><\/div>\n<form action=\"\/ro\/wp-json\/wp\/v2\/pages\/1141#wpcf7-f1235-o1\" method=\"post\" class=\"wpcf7-form init\" aria-label=\"Formular de contact\" novalidate=\"novalidate\" data-status=\"init\">\n<fieldset class=\"hidden-fields-container\"><input type=\"hidden\" name=\"_wpcf7\" value=\"1235\" \/><input type=\"hidden\" name=\"_wpcf7_version\" value=\"6.1.5\" \/><input type=\"hidden\" name=\"_wpcf7_locale\" value=\"ro_RO\" \/><input type=\"hidden\" name=\"_wpcf7_unit_tag\" value=\"wpcf7-f1235-o1\" \/><input type=\"hidden\" name=\"_wpcf7_container_post\" value=\"0\" \/><input type=\"hidden\" name=\"_wpcf7_posted_data_hash\" value=\"\" \/>\n<\/fieldset>\n<p><label> Nume*<br \/>\n<span class=\"wpcf7-form-control-wrap\" data-name=\"your-name\"><input size=\"40\" maxlength=\"400\" class=\"wpcf7-form-control wpcf7-text wpcf7-validates-as-required\" autocomplete=\"name\" aria-required=\"true\" aria-invalid=\"false\" value=\"\" type=\"text\" name=\"your-name\" \/><\/span> <\/label>\n<\/p>\n<p><label> Email*<br \/>\n<span class=\"wpcf7-form-control-wrap\" data-name=\"your-email\"><input size=\"40\" maxlength=\"400\" class=\"wpcf7-form-control wpcf7-email wpcf7-validates-as-required wpcf7-text wpcf7-validates-as-email\" autocomplete=\"email\" aria-required=\"true\" aria-invalid=\"false\" value=\"\" type=\"email\" name=\"your-email\" \/><\/span> <\/label>\n<\/p>\n<p><label> Telefon*<br \/>\n<span class=\"wpcf7-form-control-wrap\" data-name=\"your-phone\"><input size=\"40\" maxlength=\"400\" class=\"wpcf7-form-control wpcf7-tel wpcf7-validates-as-required wpcf7-text wpcf7-validates-as-tel\" aria-required=\"true\" aria-invalid=\"false\" value=\"\" type=\"tel\" name=\"your-phone\" \/><\/span> <\/label>\n<\/p>\n<p><label> Adres\u0103 de preluare*<br \/>\n<span class=\"wpcf7-form-control-wrap\" data-name=\"your-pickup-adress\"><input size=\"40\" maxlength=\"400\" class=\"wpcf7-form-control wpcf7-text wpcf7-validates-as-required\" aria-required=\"true\" aria-invalid=\"false\" value=\"\" type=\"text\" name=\"your-pickup-adress\" \/><\/span> <\/label>\n<\/p>\n<p><label> Num\u0103r zbor<br \/>\n<span class=\"wpcf7-form-control-wrap\" data-name=\"your-flight-no\"><input size=\"40\" maxlength=\"400\" class=\"wpcf7-form-control wpcf7-text\" aria-invalid=\"false\" value=\"\" type=\"text\" name=\"your-flight-no\" \/><\/span> <\/label>\n<\/p>\n<p><label> Dat\u0103 \u0219i or\u0103*<br \/>\n<span class=\"wpcf7-form-control-wrap\" data-name=\"your-datetime\"><input type=\"datetime-local\" name=\"your-datetime\" class=\"wpcf7-form-control wpcf7-datetime wpcf7-validates-as-required\" aria-required=\"true\" aria-invalid=\"false\" required=\"required\" \/><\/span> <\/label>\n<\/p>\n<p><label> Adres\u0103 de destina\u021bie*<br \/>\n<span class=\"wpcf7-form-control-wrap\" data-name=\"your-dropoff-adress\"><input size=\"40\" maxlength=\"400\" class=\"wpcf7-form-control wpcf7-text wpcf7-validates-as-required\" aria-required=\"true\" aria-invalid=\"false\" value=\"\" type=\"text\" name=\"your-dropoff-adress\" \/><\/span> <\/label>\n<\/p>\n<p><label> Tip vehicul*<br \/>\n<span class=\"wpcf7-form-control-wrap\" data-name=\"your-vehicle-type\"><select class=\"wpcf7-form-control wpcf7-select wpcf7-validates-as-required\" aria-required=\"true\" aria-invalid=\"false\" name=\"your-vehicle-type\"><option value=\"\">\u2014V\u0103 rug\u0103m s\u0103 alege\u021bi o op\u021biune\u2014<\/option><option value=\"Economic\">Economic<\/option><option value=\"Familie\">Familie<\/option><option value=\"Lux\">Lux<\/option><\/select><\/span> <\/label>\n<\/p>\n<p><label> Num\u0103r de pasageri*<br \/>\n<span class=\"wpcf7-form-control-wrap\" data-name=\"your-no-of-passengers\"><input size=\"40\" maxlength=\"400\" class=\"wpcf7-form-control wpcf7-text wpcf7-validates-as-required\" aria-required=\"true\" aria-invalid=\"false\" value=\"\" type=\"text\" name=\"your-no-of-passengers\" \/><\/span> <\/label>\n<\/p>\n<p><label> Num\u0103r de bagaje*<br \/>\n<span class=\"wpcf7-form-control-wrap\" data-name=\"your-no-of-suitcases\"><input size=\"40\" maxlength=\"400\" class=\"wpcf7-form-control wpcf7-text wpcf7-validates-as-required\" aria-required=\"true\" aria-invalid=\"false\" value=\"\" type=\"text\" name=\"your-no-of-suitcases\" \/><\/span> <\/label>\n<\/p>\n<p>Plat\u0103*<br \/>\n<span class=\"wpcf7-form-control-wrap\" data-name=\"your-payment\"><span class=\"wpcf7-form-control wpcf7-checkbox wpcf7-validates-as-required\"><span class=\"wpcf7-list-item first\"><input type=\"checkbox\" name=\"your-payment[]\" value=\"Transfer bancar\" \/><span class=\"wpcf7-list-item-label\">Transfer bancar<\/span><\/span><span class=\"wpcf7-list-item last\"><input type=\"checkbox\" name=\"your-payment[]\" value=\"Numerar\" \/><span class=\"wpcf7-list-item-label\">Numerar<\/span><\/span><\/span><\/span>\n<\/p>\n<p><span class=\"wpcf7-form-control-wrap\" data-name=\"your-acceptance\"><span class=\"wpcf7-form-control wpcf7-acceptance\"><span class=\"wpcf7-list-item\"><label><input type=\"checkbox\" name=\"your-acceptance\" value=\"1\" aria-invalid=\"false\" \/><span class=\"wpcf7-list-item-label\">Am citit <a href=\"\/ro\/politica-de-confidentialitate\">politica de confiden\u021bialitate<\/a> \u0219i sunt de acord cu <a href=\"\/ro\/termeni-si-conditii\">termenii \u0219i condi\u021biile<\/a>.<\/span><\/label><\/span><\/span><\/span>\n<\/p>\n<p><span class=\"wpcf7-form-control-wrap\" data-name=\"hcap-cf7\">\t\t<input\n\t\t\t\ttype=\"hidden\"\n\t\t\t\tclass=\"hcaptcha-widget-id\"\n\t\t\t\tname=\"hcaptcha-widget-id\"\n\t\t\t\tvalue=\"eyJzb3VyY2UiOlsiY29udGFjdC1mb3JtLTdcL3dwLWNvbnRhY3QtZm9ybS03LnBocCJdLCJmb3JtX2lkIjo0fQ==-c338c4afc550548e52c794c7b7ddd043\">\n\t\t\t\t<span id=\"hcap_cf7-69f3351f091622.16527614\" class=\"wpcf7-form-control h-captcha \"\n\t\t\tdata-sitekey=\"e10a1006-8024-45c6-9fba-46364538d7fc\"\n\t\t\tdata-theme=\"light\"\n\t\t\tdata-size=\"normal\"\n\t\t\tdata-auto=\"false\"\n\t\t\tdata-ajax=\"false\"\n\t\t\tdata-force=\"false\">\n\t\t<\/span>\n\t\t<input type=\"hidden\" id=\"_wpnonce\" name=\"_wpnonce\" value=\"73608b3622\" \/><input type=\"hidden\" name=\"_wp_http_referer\" value=\"\/ro\/wp-json\/wp\/v2\/pages\/1141\" \/><\/span><input class=\"wpcf7-form-control wpcf7-submit has-spinner\" type=\"submit\" value=\"Trimite\" \/>\n<\/p><div class=\"wpcf7-response-output\" aria-hidden=\"true\"><\/div>\n<\/form>\n<\/div>\n<br>Ave\u021bi nevoie s\u0103 v\u0103 deplasa\u021bi \u00een T\u00e2rgu Mure\u0219? \u00cencearc\u0103 <a href=\"https:\/\/www.kayak.co.uk\/cars\" target=\"_blank\" rel=\"noopener noreferrer\">KAYAK<\/a><\/p>\t\t\t\t\t\t\t\t<\/div>\n\t\t\t\t\t<\/div>\n\t\t\t\t<\/div>\n\t\t\t\t<\/div>\n\t\t","protected":false},"excerpt":{"rendered":"<p>Iat\u0103 c\u00e2teva destina\u021bii populare de la aeroporturile pe care le oper\u0103m: Transferuri de la Aeroportul Cluj Transferuri de la Aeroportul T\u00e2rgu Mure\u0219 Transferuri de la Aeroportul Sibiu Aeroportul Otopeni (Bucure\u0219ti) Dac\u0103 nu g\u0103si\u021bi destina\u021bia \u00een tabelele noastre de pre\u021buri, v\u0103 rug\u0103m s\u0103 completa\u021bi formularul nostru de solicitare, iar noi v\u0103 vom oferi o ofert\u0103 personalizat\u0103. [&hellip;]<\/p>\n","protected":false},"author":3,"featured_media":0,"parent":0,"menu_order":0,"comment_status":"closed","ping_status":"closed","template":"","meta":{"footnotes":""},"class_list":["post-1141","page","type-page","status-publish","hentry"],"_links":{"self":[{"href":"https:\/\/transilvaniadriver.ro\/ro\/wp-json\/wp\/v2\/pages\/1141","targetHints":{"allow":["GET"]}}],"collection":[{"href":"https:\/\/transilvaniadriver.ro\/ro\/wp-json\/wp\/v2\/pages"}],"about":[{"href":"https:\/\/transilvaniadriver.ro\/ro\/wp-json\/wp\/v2\/types\/page"}],"author":[{"embeddable":true,"href":"https:\/\/transilvaniadriver.ro\/ro\/wp-json\/wp\/v2\/users\/3"}],"replies":[{"embeddable":true,"href":"https:\/\/transilvaniadriver.ro\/ro\/wp-json\/wp\/v2\/comments?post=1141"}],"version-history":[{"count":13,"href":"https:\/\/transilvaniadriver.ro\/ro\/wp-json\/wp\/v2\/pages\/1141\/revisions"}],"predecessor-version":[{"id":1560,"href":"https:\/\/transilvaniadriver.ro\/ro\/wp-json\/wp\/v2\/pages\/1141\/revisions\/1560"}],"wp:attachment":[{"href":"https:\/\/transilvaniadriver.ro\/ro\/wp-json\/wp\/v2\/media?parent=1141"}],"curies":[{"name":"wp","href":"https:\/\/api.w.org\/{rel}","templated":true}]}}