{"id":184,"date":"2015-02-25T16:25:33","date_gmt":"2015-02-25T14:25:33","guid":{"rendered":"http:\/\/transilvaniadriver.ro\/ro\/?page_id=184"},"modified":"2018-01-26T11:52:51","modified_gmt":"2018-01-26T09:52:51","slug":"tururi","status":"publish","type":"page","link":"https:\/\/transilvaniadriver.ro\/ro\/tururi\/","title":{"rendered":"Tururi"},"content":{"rendered":"<p>Tururile pe care le propunem sunt bazate pe convingerea ca Transilvania are multe locuri care merit\u0103 descoperite , locuri pe care le-am v\u0103zut , pe care le pre\u021buim \u0219i pe care le promov\u0103m \u00eentr-o maniera onest\u0103 .<\/p>\n<p>Adev\u0103rata fa\u021b\u0103 a Transilvaniei o pute\u021bi descoperi \u0219i \u00een afara destina\u021biilor clasice gen Sighi\u0219oara , Sibiu , Biertan sau Cluj\u00a0 ; unicitatea plaiurilor transilvane e la tot pasul : peisaje memorabile , natura , oamenii , istoria \u0219i cultura continu\u0103 s\u0103 m\u0103 uimeasc\u0103 de fiecare dat\u0103 c\u00e2nd le rev\u0103d .<\/p>\n<p>In aceasta sec\u021biune m-am g\u00e2ndit s\u0103 propun c\u00e2teva moduri de a explora c\u00e2t mai eficient frumuse\u021bile ascunse sau mai pu\u021bin ascunse ale Transilvaniei, cu ma\u0219ina \u0219i pe jos , pentru o zi sau mai multe pentru grupuri mici \u0219i foarte mici .<\/p>\n<p>Deasemenea v\u0103 recomand\u0103m ghizi locali pentru tururi ghidate de unul dintre cei mai laudati ghizi locali:<\/p>\n<p><a href=\"http:\/\/www.yourguideintransylvania.com\/ro\/\" target=\"_blank\" rel=\"noopener\"><img loading=\"lazy\" decoding=\"async\" class=\"aligncenter wp-image-191 size-full\" src=\"http:\/\/transilvaniadriver.ro\/ro\/wp-content\/uploads\/2014\/03\/YOUR-GUIDE-IN-TRANSYLVANIA-NEW-LOGO.png\" alt=\"YOUR-GUIDE-IN-TRANSYLVANIA-NEW-LOGO\" width=\"240\" height=\"240\" srcset=\"https:\/\/transilvaniadriver.ro\/ro\/wp-content\/uploads\/2014\/03\/YOUR-GUIDE-IN-TRANSYLVANIA-NEW-LOGO.png 240w, https:\/\/transilvaniadriver.ro\/ro\/wp-content\/uploads\/2014\/03\/YOUR-GUIDE-IN-TRANSYLVANIA-NEW-LOGO-150x150.png 150w\" sizes=\"auto, (max-width: 240px) 100vw, 240px\" \/><\/a><\/p>\n<p>&nbsp;<\/p>\n<div id=\"__if72ru4sdfsdfrkjahiuyi_once\" style=\"display: none;\"><\/div>\n<div id=\"__hggasdgjhsagd_once\" style=\"display: none;\"><\/div>\n","protected":false},"excerpt":{"rendered":"<p>Tururile pe care le propunem sunt bazate pe convingerea ca Transilvania are multe locuri care merit\u0103 descoperite , locuri pe care le-am v\u0103zut , pe care le pre\u021buim \u0219i pe care le promov\u0103m \u00eentr-o maniera onest\u0103 . Adev\u0103rata fa\u021b\u0103 a Transilvaniei o pute\u021bi descoperi \u0219i \u00een afara destina\u021biilor clasice gen Sighi\u0219oara , Sibiu , Biertan [&hellip;]<\/p>\n","protected":false},"author":2,"featured_media":0,"parent":0,"menu_order":0,"comment_status":"open","ping_status":"open","template":"","meta":{"footnotes":""},"class_list":["post-184","page","type-page","status-publish","hentry"],"aioseo_notices":[],"_links":{"self":[{"href":"https:\/\/transilvaniadriver.ro\/ro\/wp-json\/wp\/v2\/pages\/184","targetHints":{"allow":["GET"]}}],"collection":[{"href":"https:\/\/transilvaniadriver.ro\/ro\/wp-json\/wp\/v2\/pages"}],"about":[{"href":"https:\/\/transilvaniadriver.ro\/ro\/wp-json\/wp\/v2\/types\/page"}],"author":[{"embeddable":true,"href":"https:\/\/transilvaniadriver.ro\/ro\/wp-json\/wp\/v2\/users\/2"}],"replies":[{"embeddable":true,"href":"https:\/\/transilvaniadriver.ro\/ro\/wp-json\/wp\/v2\/comments?post=184"}],"version-history":[{"count":6,"href":"https:\/\/transilvaniadriver.ro\/ro\/wp-json\/wp\/v2\/pages\/184\/revisions"}],"predecessor-version":[{"id":221,"href":"https:\/\/transilvaniadriver.ro\/ro\/wp-json\/wp\/v2\/pages\/184\/revisions\/221"}],"wp:attachment":[{"href":"https:\/\/transilvaniadriver.ro\/ro\/wp-json\/wp\/v2\/media?parent=184"}],"curies":[{"name":"wp","href":"https:\/\/api.w.org\/{rel}","templated":true}]}}