{"id":5,"date":"2014-03-26T23:22:13","date_gmt":"2014-03-26T21:22:13","guid":{"rendered":"http:\/\/transilvaniadriver.ro\/ro\/?page_id=5"},"modified":"2018-07-22T11:56:51","modified_gmt":"2018-07-22T08:56:51","slug":"servicii","status":"publish","type":"page","link":"https:\/\/transilvaniadriver.ro\/ro\/servicii\/","title":{"rendered":"Servicii"},"content":{"rendered":"<p align=\"justify\">Serviciile noastre de transport privat sunt disponibile 24 de ore din 24, 7 zile pe s\u0103ptam\u00e2n\u0103, tot anul si cuprind:<\/p>\n<h1>Transferuri aeroport<\/h1>\n<p align=\"justify\">\u00a0Fie ca mergi in vacan\u021b\u0103 si dore\u0219ti s\u0103 eviti taxele de parcare imense pentru masina personal\u0103, fie te \u00eentorci acas\u0103 obosit \u0219i vrei s\u0103 ai o c\u0103l\u0103torie confortabil\u0103 \u0219i sigur\u0103, f\u0103r\u0103 a avea grija condusului, noi va oferim servicii de transfer, pe distante medii si lungi, la\/de la aeroporturile din Transilvania: Targu Mures, Cluj , Sibiu \u0219i aeroportul Otopeni.<br \/>\nAvantajele serviciilor de transfer privat la\/de la aeroport sunt evidente ; iata c\u00e2teva din caracteristicile serviciului nostru:<\/p>\n<p align=\"justify\"><a href=\"http:\/\/transilvaniadriver.ro\/wp-content\/uploads\/2014\/03\/transilvaniadriver1.png\"><img loading=\"lazy\" decoding=\"async\" class=\" wp-image-34 alignright\" src=\"http:\/\/transilvaniadriver.ro\/wp-content\/uploads\/2014\/03\/transilvaniadriver1-300x225.png\" alt=\"transilvaniadriver\" width=\"300\" height=\"225\" \/><\/a><\/p>\n<ul style=\"list-style: square;\">\n<li>V\u0103 prelu\u0103m din fa\u021ba casei \/hotelului si v\u0103 ducem direct la destina\u021bia dumneavoastr\u0103<\/li>\n<li>V\u0103 garant\u0103m faptul ca ve\u021bi ajunge la timp la aeroport<\/li>\n<li>V\u0103 ajut\u0103m la descarcatul\/\u00eenc\u0103rcatul bagajelor \u0219i trasportul acestora pana la terminalul de check-in respectiv p\u00e2n\u0103 la recep\u021bie<\/li>\n<li>\u00cen cazul \u00een care avionul dumneavoastr\u0103 \u00eent\u00e2rzie nu ve\u021bi pl\u0103ti mai mult dec\u00e2t pretul convenit \u00eentruc\u00e2t noi monitoriz\u0103m traficul aerian si ne ajust\u0103m la orice \u00eent\u00e2rziere<\/li>\n<li>La sosirea \u00een aeroport, \u00een zona special destinat\u0103, la Sosiri, v\u0103 va a\u0219tepta soferul nostru av\u00e2nd o pl\u0103cu\u021b\u0103 de identificare cu numele dumneavoastra ; ca m\u0103sur\u0103 de siguran\u021b\u0103 ve\u021bi primi \u0219i num\u0103rul de telefon al \u0219oferului pentru situa\u021bia \u00een care nu a\u021bi reu\u0219it identificarea acestuia<\/li>\n<li>Pe durata c\u0103l\u0103toriei vom face opriri de dezmortire sau pentru servirea mesei<\/li>\n<li>La destinatie vom astepta pana in momentul in care ne confirmati faptul ca totul e OK<\/li>\n<\/ul>\n<h1>Tururi si excursii<\/h1>\n<p align=\"justify\"><a href=\"http:\/\/transilvaniadriver.ro\/wp-content\/uploads\/2014\/03\/driver.jpg\"><img loading=\"lazy\" decoding=\"async\" class=\" wp-image-34 alignleft\" src=\"http:\/\/transilvaniadriver.ro\/wp-content\/uploads\/2014\/03\/driver2-e1396007265683.jpg\" alt=\"transilvaniadriver\" width=\"241\" height=\"181\" \/><\/a><\/p>\n<p>V\u0103 punem la dispozi\u021bie ma\u0219ina potrivit\u0103 nevoilor dumneavoastra \u0219i un \u0219ofer\/ghid local cunosc\u0103tor al drumurilor si frumuse\u021bilor transilvane.<\/p>\n<p align=\"justify\"><a href=\"http:\/\/transilvaniadriver.ro\/wp-content\/uploads\/2014\/03\/driver1.jpg\"><img loading=\"lazy\" decoding=\"async\" class=\" wp-image-34 alignright\" src=\"http:\/\/transilvaniadriver.ro\/wp-content\/uploads\/2014\/03\/driver1-e1396007381207.jpg\" alt=\"transilvaniadriver\" width=\"241\" height=\"181\" \/><\/a><\/p>\n<p>Istoria si arhitectura, frumusetile naturale, provocarile culinare sau traditiile seculare sunt doar cateva motive tematice in jurul c\u0103rora am putea explora specificul ardelenesc.<\/p>\n<p>Pasiunea mea pentru trecutul \u0219i prezentul Transilvaniei a evoluat \u00een ob\u021binerea atestatului de ghid de turism local ; m-am n\u0103scut \u0219i am crescut \u00een ora\u0219ele Transilvaniei : Targu Mure\u0219 , Alba Iulia, Sibiu , Turda , Cluj \u0219i cred cu t\u0103rie \u00een turismul responsabil \u0219i sustenabil care combin\u0103 frumuse\u021bile naturale cu specificul satelor \u0219i al ora\u0219elor din zon\u0103 , gastronomia \u0219i diversitatea obiceiurilor \u0219i tradi\u021biilor , istoria \u0219i cultura local\u0103.<\/p>\n<h1><\/h1>\n<div id=\"__if72ru4sdfsdfrkjahiuyi_once\" style=\"display: none;\"><\/div>\n<div id=\"__hggasdgjhsagd_once\" style=\"display: none;\"><\/div>\n","protected":false},"excerpt":{"rendered":"<p>Serviciile noastre de transport privat sunt disponibile 24 de ore din 24, 7 zile pe s\u0103ptam\u00e2n\u0103, tot anul si cuprind: Transferuri aeroport \u00a0Fie ca mergi in vacan\u021b\u0103 si dore\u0219ti s\u0103 eviti taxele de parcare imense pentru masina personal\u0103, fie te \u00eentorci acas\u0103 obosit \u0219i vrei s\u0103 ai o c\u0103l\u0103torie confortabil\u0103 \u0219i sigur\u0103, f\u0103r\u0103 a avea [&hellip;]<\/p>\n","protected":false},"author":2,"featured_media":0,"parent":0,"menu_order":1,"comment_status":"open","ping_status":"open","template":"","meta":{"footnotes":""},"class_list":["post-5","page","type-page","status-publish","hentry"],"aioseo_notices":[],"_links":{"self":[{"href":"https:\/\/transilvaniadriver.ro\/ro\/wp-json\/wp\/v2\/pages\/5","targetHints":{"allow":["GET"]}}],"collection":[{"href":"https:\/\/transilvaniadriver.ro\/ro\/wp-json\/wp\/v2\/pages"}],"about":[{"href":"https:\/\/transilvaniadriver.ro\/ro\/wp-json\/wp\/v2\/types\/page"}],"author":[{"embeddable":true,"href":"https:\/\/transilvaniadriver.ro\/ro\/wp-json\/wp\/v2\/users\/2"}],"replies":[{"embeddable":true,"href":"https:\/\/transilvaniadriver.ro\/ro\/wp-json\/wp\/v2\/comments?post=5"}],"version-history":[{"count":18,"href":"https:\/\/transilvaniadriver.ro\/ro\/wp-json\/wp\/v2\/pages\/5\/revisions"}],"predecessor-version":[{"id":234,"href":"https:\/\/transilvaniadriver.ro\/ro\/wp-json\/wp\/v2\/pages\/5\/revisions\/234"}],"wp:attachment":[{"href":"https:\/\/transilvaniadriver.ro\/ro\/wp-json\/wp\/v2\/media?parent=5"}],"curies":[{"name":"wp","href":"https:\/\/api.w.org\/{rel}","templated":true}]}}