{"id":926,"date":"2026-03-12T03:41:05","date_gmt":"2026-03-12T01:41:05","guid":{"rendered":"https:\/\/transilvaniadriver.ro\/terms-and-conditions\/"},"modified":"2026-04-29T21:11:26","modified_gmt":"2026-04-29T18:11:26","slug":"termeni-si-conditii","status":"publish","type":"page","link":"https:\/\/transilvaniadriver.ro\/ro\/termeni-si-conditii\/","title":{"rendered":"Termeni \u0219i condi\u021bii"},"content":{"rendered":"\t\t<div data-elementor-type=\"wp-page\" data-elementor-id=\"926\" class=\"elementor elementor-926 elementor-669\" data-elementor-post-type=\"page\">\n\t\t\t\t<div class=\"elementor-element elementor-element-401097ba e-flex e-con-boxed e-con e-parent\" data-id=\"401097ba\" data-element_type=\"container\" data-e-type=\"container\">\n\t\t\t\t\t<div class=\"e-con-inner\">\n\t\t\t\t<div class=\"elementor-element elementor-element-1c3bd5ff elementor-widget elementor-widget-text-editor\" data-id=\"1c3bd5ff\" data-element_type=\"widget\" data-e-type=\"widget\" data-widget_type=\"text-editor.default\">\n\t\t\t\t\t\t\t\t\t<p><strong>Data intr\u0103rii \u00een vigoare:<\/strong> 29 Aprilie 2026<\/p><h2 class=\"wp-block-heading\">Te rug\u0103m s\u0103 cite\u0219ti ace\u0219ti termeni \u0219i condi\u021bii \u00eenainte de a face o rezervare la noi.<\/h2><p>Atunci c\u00e2nd faci o rezervare pe site-ul nostru, garantezi c\u0103 ai autoritatea de a accepta termenii acestor condi\u021bii de rezervare. Un contract va exista de \u00eendat\u0103 ce rezervarea este confirmat\u0103 prin primirea voucherului de transport. Acest contract este \u00eencheiat \u00een conformitate cu termenii \u0219i condi\u021biile de rezervare, care sunt guvernate de legisla\u021bia rom\u00e2n\u0103.<\/p><p>Contractul de c\u0103l\u0103torie se \u00eencheie \u00eentre Client \u0219i Transilvania Driver SRL.<\/p><p>Promitem c\u0103 toate serviciile pe care le rezervi pe site-ul nostru vor fi prestate cu competen\u021b\u0103 \u0219i grij\u0103 rezonabile, \u00een conformitate cu acordul nostru. Vom face tot posibilul pentru a ne asigura c\u0103 toate materialele \u0219i informa\u021biile publicate pe site-ul nostru sunt corecte. Atunci c\u00e2nd ne furnizezi informa\u021bii pentru c\u0103l\u0103toria ta, e\u0219ti de acord c\u0103 acestea vor fi corecte. Suntem de acord s\u0103 utiliz\u0103m aceste informa\u021bii \u00een conformitate cu politica noastr\u0103 de confiden\u021bialitate.<\/p><p>Transilvania Driver SRL are nevoie de datele tale personale atunci c\u00e2nd achizi\u021bionezi un transfer; colect\u0103m numele persoanei care face rezervarea, adresa de e-mail, num\u0103rul de telefon, detaliile zborului, punctul de preluare \u0219i destina\u021bia. Aceste informa\u021bii sunt utilizate pentru contact imediat \u0219i nu pentru campanii de marketing viitoare. Am luat \u0219i vom lua toate m\u0103surile posibile pentru a asigura confiden\u021bialitatea informa\u021biilor tale personale.<\/p><p>Toate pre\u021burile sunt exprimate per vehicul. Dac\u0103 pasagerul indic\u0103 un traseu preferat, \u0219oferul va alege ruta c\u0103tre destina\u021bie \u021bin\u00e2nd cont de urm\u0103torii factori: timpul, traficul \u0219i eventualele \u00eenchideri de drumuri. Este responsabilitatea pasagerului s\u0103 se asigure c\u0103 rezerv\u0103 un vehicul de dimensiunea corect\u0103; dac\u0103 pasagerul a rezervat un vehicul cu o capacitate mai mic\u0103 dec\u00e2t necesarul pentru num\u0103rul de pasageri \u0219i bagaje, \u0219oferul \u00ee\u0219i rezerv\u0103 dreptul de a refuza transportul pasagerilor.<\/p><p>Pl\u0103\u021bile pot fi efectuate prin urm\u0103toarele metode: numerar c\u0103tre \u0219ofer \u00een momentul transferului (\u00een euro sau lei) sau \u00een avans prin transfer bancar. Po\u021bi face o rezervare folosind formularul nostru de rezervare, prin e-mail sau telefonic, cu mare aten\u021bie pentru a ne asigura c\u0103 este corect\u0103, \u00eens\u0103 nu vom fi r\u0103spunz\u0103tori pentru informa\u021biile gre\u0219ite furnizate de pasager. Transilvania Driver va confirma rezervarea ta prin e-mail \u0219i \u00ee\u021bi va furniza un voucher de transport cu informa\u021bii utile; \u00eel po\u021bi imprima \u0219i \u00eel po\u021bi prezenta \u0219oferului.<\/p><p>\u0218oferul va a\u0219tepta \u00een sala de sosiri p\u00e2n\u0103 la 60 de minute de la ora ateriz\u0103rii zborului, iar dac\u0103 pasagerul nu se \u00eent\u00e2lne\u0219te cu \u0219oferul \u00een acest interval sau nu reu\u0219e\u0219te s\u0103 ia leg\u0103tura prin telefon, e-mail sau SMS pentru a-\u0219i comunica situa\u021bia la aeroport, \u0219oferul va contacta clientul la num\u0103rul de telefon furnizat pentru a clarifica pozi\u021bia \u0219i situa\u021bia acestuia. Dac\u0103 nu reu\u0219e\u0219ti s\u0103 pleci sau s\u0103 te \u00eembarci, te rug\u0103m s\u0103 ne anun\u021bi prin orice mijloc\u2026 evitarea costurilor inutile ne ajut\u0103 s\u0103 men\u021binem pre\u021burile sc\u0103zute \u0219i corecte; ne baz\u0103m pe onestitatea ta.<\/p><p><strong>Pre\u021burile \u00een urm\u0103toarele date, 25\u201326 decembrie, 31 decembrie \u0219i 1 ianuarie, pot fi cu p\u00e2n\u0103 la 20% mai mari dec\u00e2t cele obi\u0219nuite afi\u0219ate pe site-ul nostru, dar nu \u00een mod obligatoriu.<\/strong><\/p>\t\t\t\t\t\t\t\t<\/div>\n\t\t\t\t\t<\/div>\n\t\t\t\t<\/div>\n\t\t\t\t<\/div>\n\t\t","protected":false},"excerpt":{"rendered":"<p>Data intr\u0103rii \u00een vigoare: 29 Aprilie 2026 Te rug\u0103m s\u0103 cite\u0219ti ace\u0219ti termeni \u0219i condi\u021bii \u00eenainte de a face o rezervare la noi. Atunci c\u00e2nd faci o rezervare pe site-ul nostru, garantezi c\u0103 ai autoritatea de a accepta termenii acestor condi\u021bii de rezervare. Un contract va exista de \u00eendat\u0103 ce rezervarea este confirmat\u0103 prin primirea [&hellip;]<\/p>\n","protected":false},"author":3,"featured_media":0,"parent":0,"menu_order":0,"comment_status":"closed","ping_status":"closed","template":"","meta":{"footnotes":""},"class_list":["post-926","page","type-page","status-publish","hentry"],"_links":{"self":[{"href":"https:\/\/transilvaniadriver.ro\/ro\/wp-json\/wp\/v2\/pages\/926","targetHints":{"allow":["GET"]}}],"collection":[{"href":"https:\/\/transilvaniadriver.ro\/ro\/wp-json\/wp\/v2\/pages"}],"about":[{"href":"https:\/\/transilvaniadriver.ro\/ro\/wp-json\/wp\/v2\/types\/page"}],"author":[{"embeddable":true,"href":"https:\/\/transilvaniadriver.ro\/ro\/wp-json\/wp\/v2\/users\/3"}],"replies":[{"embeddable":true,"href":"https:\/\/transilvaniadriver.ro\/ro\/wp-json\/wp\/v2\/comments?post=926"}],"version-history":[{"count":7,"href":"https:\/\/transilvaniadriver.ro\/ro\/wp-json\/wp\/v2\/pages\/926\/revisions"}],"predecessor-version":[{"id":1639,"href":"https:\/\/transilvaniadriver.ro\/ro\/wp-json\/wp\/v2\/pages\/926\/revisions\/1639"}],"wp:attachment":[{"href":"https:\/\/transilvaniadriver.ro\/ro\/wp-json\/wp\/v2\/media?parent=926"}],"curies":[{"name":"wp","href":"https:\/\/api.w.org\/{rel}","templated":true}]}}