{"id":928,"date":"2026-03-03T16:24:06","date_gmt":"2026-03-03T14:24:06","guid":{"rendered":"https:\/\/transilvaniadriver.ro\/privacy-policy\/"},"modified":"2026-04-29T21:11:22","modified_gmt":"2026-04-29T18:11:22","slug":"politica-de-confidentialitate","status":"publish","type":"page","link":"https:\/\/transilvaniadriver.ro\/ro\/politica-de-confidentialitate\/","title":{"rendered":"Politica de confiden\u0163ialitate"},"content":{"rendered":"\t\t<div data-elementor-type=\"wp-page\" data-elementor-id=\"928\" class=\"elementor elementor-928 elementor-3\" data-elementor-post-type=\"page\">\n\t\t\t\t<div class=\"elementor-element elementor-element-34eb9e6 e-flex e-con-boxed e-con e-parent\" data-id=\"34eb9e6\" data-element_type=\"container\" data-e-type=\"container\">\n\t\t\t\t\t<div class=\"e-con-inner\">\n\t\t\t\t<div class=\"elementor-element elementor-element-358af067 elementor-widget elementor-widget-text-editor\" data-id=\"358af067\" data-element_type=\"widget\" data-e-type=\"widget\" data-widget_type=\"text-editor.default\">\n\t\t\t\t\t\t\t\t\t<p><strong>Data intr\u0103rii \u00een vigoare:<\/strong> 29 Aprilie 2026<\/p><p>Adresa site-ului nostru web este: https:\/\/transilvaniadriver.ro.<\/p><h2 class=\"wp-block-heading\">Comentarii<\/h2><p>C\u00e2nd vizitatorii las\u0103 comentarii pe site, colect\u0103m datele afi\u0219ate \u00een formularul de comentarii, precum \u0219i adresa IP a vizitatorului \u0219i \u0219irul agentului de utilizator din browser pentru a ajuta la detectarea spamului.<\/p><p>Un \u0219ir anonimizat creat din adresa dvs. de e-mail (numit \u0219i hash) poate fi furnizat serviciului Gravatar pentru a verifica dac\u0103 \u00eel utiliza\u021bi. Politica de confiden\u021bialitate a serviciului Gravatar este disponibil\u0103 aici: https:\/\/automattic.com\/privacy\/. Dup\u0103 aprobarea comentariului dvs., fotografia de profil este vizibil\u0103 publicului \u00een contextul comentariului dvs.<\/p><h2 class=\"wp-block-heading\">Media<\/h2><p>Dac\u0103 \u00eenc\u0103rca\u021bi imagini pe site-ul web, ar trebui s\u0103 evita\u021bi \u00eenc\u0103rcarea imaginilor care includ date de loca\u021bie \u00eencorporate (EXIF GPS). Vizitatorii site-ului pot desc\u0103rca \u0219i extrage orice date de localizare din imaginile de pe site.<\/p><h2 class=\"wp-block-heading\">Cookie-uri<\/h2><p>Dac\u0103 l\u0103sa\u021bi un comentariu pe site-ul nostru, pute\u021bi opta pentru salvarea numelui, adresei de e-mail \u0219i a site-ului web \u00een cookie-uri. Acestea sunt pentru confortul dvs., astfel \u00eenc\u00e2t s\u0103 nu mai fie nevoie s\u0103 v\u0103 completa\u021bi din nou datele atunci c\u00e2nd l\u0103sa\u021bi un alt comentariu. Aceste cookie-uri vor fi stocate timp de un an.<\/p><p>Dac\u0103 vizita\u021bi pagina noastr\u0103 de autentificare, vom seta un cookie temporar pentru a determina dac\u0103 browserul dvs. accept\u0103 cookie-uri. Acest cookie nu con\u021bine date personale \u0219i este \u0219ters atunci c\u00e2nd \u00eenchide\u021bi browserul.<\/p><p>C\u00e2nd v\u0103 autentifica\u021bi, vom seta, de asemenea, mai multe cookie-uri pentru a salva informa\u021biile de autentificare \u0219i op\u021biunile de afi\u0219are ale ecranului. Cookie-urile de autentificare dureaz\u0103 dou\u0103 zile, iar cookie-urile pentru op\u021biunile de ecran dureaz\u0103 un an. Dac\u0103 selecta\u021bi \u201e\u021aine-m\u0103 minte\u201d, autentificarea dvs. va persista timp de dou\u0103 s\u0103pt\u0103m\u00e2ni. Dac\u0103 v\u0103 deconecta\u021bi din cont, cookie-urile de autentificare vor fi eliminate.<\/p><p>Dac\u0103 edita\u021bi sau publica\u021bi un articol, un cookie suplimentar va fi salvat \u00een browserul dvs. Acest cookie nu include date personale \u0219i indic\u0103 doar ID-ul articolului pe care tocmai l-a\u021bi editat. Acesta expir\u0103 dup\u0103 1 zi.<\/p><h2 class=\"wp-block-heading\">Con\u021binut \u00eencorporat din alte site-uri web<\/h2><p>Articolele de pe acest site pot include con\u021binut \u00eencorporat (de exemplu, videoclipuri, imagini, articole etc.). Con\u021binutul \u00eencorporat din alte site-uri web se comport\u0103 exact \u00een acela\u0219i mod ca \u0219i cum vizitatorul ar fi accesat acel site.<\/p><p>Aceste site-uri pot colecta date despre dvs., pot utiliza cookie-uri, pot include urm\u0103rire suplimentar\u0103 de la ter\u021bi \u0219i pot monitoriza interac\u021biunea dvs. cu acel con\u021binut \u00eencorporat, inclusiv urm\u0103rirea interac\u021biunii dac\u0103 ave\u021bi un cont \u0219i sunte\u021bi autentificat pe acel site.<\/p><h2 class=\"wp-block-heading\">Cu cine partaj\u0103m datele dvs.<\/h2><p>Dac\u0103 solicita\u021bi o resetare a parolei, adresa dumneavoastr\u0103 IP va fi inclus\u0103 \u00een e-mailul de resetare.<\/p><h2 class=\"wp-block-heading\">C\u00e2t timp p\u0103str\u0103m datele dvs.<\/h2><p>If you leave a comment, the comment and its metadata are retained indefinitely. Acest lucru ne permite s\u0103 recunoa\u0219tem \u0219i s\u0103 aprob\u0103m automat orice comentarii ulterioare, \u00een loc s\u0103 le men\u021binem \u00eentr-o coad\u0103 de moderare.<\/p><p>Pentru utilizatorii care se \u00eenregistreaz\u0103 pe site-ul nostru (dac\u0103 exist\u0103), stoc\u0103m, de asemenea, informa\u021biile personale pe care le furnizeaz\u0103 \u00een profilul de utilizator. To\u021bi utilizatorii \u00ee\u0219i pot vedea, edita sau \u0219terge informa\u021biile personale \u00een orice moment (cu excep\u021bia faptului c\u0103 nu \u00ee\u0219i pot schimba numele de utilizator). Administratorii site-ului pot, de asemenea, s\u0103 vad\u0103 \u0219i s\u0103 editeze aceste informa\u021bii.<\/p><h2 class=\"wp-block-heading\">Ce drepturi ave\u021bi asupra datelor dvs.<\/h2><p>Dac\u0103 ave\u021bi un cont pe acest site sau a\u021bi l\u0103sat comentarii, pute\u021bi solicita s\u0103 primi\u021bi un fi\u0219ier de export cu datele cu caracter personal pe care le de\u021binem despre dumneavoastr\u0103, inclusiv toate datele pe care ni le-a\u021bi furnizat. De asemenea, pute\u021bi solicita \u0219tergerea oric\u0103ror date personale pe care le de\u021binem despre dvs. Acest lucru nu include datele pe care suntem obliga\u021bi s\u0103 le p\u0103str\u0103m \u00een scopuri administrative, legale sau de securitate.<\/p><h2 class=\"wp-block-heading\">Unde sunt trimise datele dvs.<\/h2><p>Comentariile vizitatorilor pot fi verificate printr-un serviciu automat de detectare a spamului.<\/p>\t\t\t\t\t\t\t\t<\/div>\n\t\t\t\t\t<\/div>\n\t\t\t\t<\/div>\n\t\t\t\t<\/div>\n\t\t","protected":false},"excerpt":{"rendered":"<p>Data intr\u0103rii \u00een vigoare: 29 Aprilie 2026 Adresa site-ului nostru web este: https:\/\/transilvaniadriver.ro. Comentarii C\u00e2nd vizitatorii las\u0103 comentarii pe site, colect\u0103m datele afi\u0219ate \u00een formularul de comentarii, precum \u0219i adresa IP a vizitatorului \u0219i \u0219irul agentului de utilizator din browser pentru a ajuta la detectarea spamului. Un \u0219ir anonimizat creat din adresa dvs. de e-mail [&hellip;]<\/p>\n","protected":false},"author":3,"featured_media":0,"parent":0,"menu_order":0,"comment_status":"closed","ping_status":"closed","template":"","meta":{"footnotes":""},"class_list":["post-928","page","type-page","status-publish","hentry"],"_links":{"self":[{"href":"https:\/\/transilvaniadriver.ro\/ro\/wp-json\/wp\/v2\/pages\/928","targetHints":{"allow":["GET"]}}],"collection":[{"href":"https:\/\/transilvaniadriver.ro\/ro\/wp-json\/wp\/v2\/pages"}],"about":[{"href":"https:\/\/transilvaniadriver.ro\/ro\/wp-json\/wp\/v2\/types\/page"}],"author":[{"embeddable":true,"href":"https:\/\/transilvaniadriver.ro\/ro\/wp-json\/wp\/v2\/users\/3"}],"replies":[{"embeddable":true,"href":"https:\/\/transilvaniadriver.ro\/ro\/wp-json\/wp\/v2\/comments?post=928"}],"version-history":[{"count":9,"href":"https:\/\/transilvaniadriver.ro\/ro\/wp-json\/wp\/v2\/pages\/928\/revisions"}],"predecessor-version":[{"id":1638,"href":"https:\/\/transilvaniadriver.ro\/ro\/wp-json\/wp\/v2\/pages\/928\/revisions\/1638"}],"wp:attachment":[{"href":"https:\/\/transilvaniadriver.ro\/ro\/wp-json\/wp\/v2\/media?parent=928"}],"curies":[{"name":"wp","href":"https:\/\/api.w.org\/{rel}","templated":true}]}}