{"id":930,"date":"2026-03-12T16:06:34","date_gmt":"2026-03-12T14:06:34","guid":{"rendered":"https:\/\/transilvaniadriver.ro\/cookie-policy\/"},"modified":"2026-04-29T21:11:22","modified_gmt":"2026-04-29T18:11:22","slug":"politica-de-cookie-uri","status":"publish","type":"page","link":"https:\/\/transilvaniadriver.ro\/ro\/politica-de-cookie-uri\/","title":{"rendered":"Politica de cookie-uri"},"content":{"rendered":"\t\t<div data-elementor-type=\"wp-page\" data-elementor-id=\"930\" class=\"elementor elementor-930 elementor-719\" data-elementor-post-type=\"page\">\n\t\t\t\t<div class=\"elementor-element elementor-element-401097ba e-flex e-con-boxed e-con e-parent\" data-id=\"401097ba\" data-element_type=\"container\" data-e-type=\"container\">\n\t\t\t\t\t<div class=\"e-con-inner\">\n\t\t\t\t<div class=\"elementor-element elementor-element-1c3bd5ff elementor-widget elementor-widget-text-editor\" data-id=\"1c3bd5ff\" data-element_type=\"widget\" data-e-type=\"widget\" data-widget_type=\"text-editor.default\">\n\t\t\t\t\t\t\t\t\t<p><strong>Data intr\u0103rii \u00een vigoare:<\/strong> 29 Aprilie 2026<\/p><p>Aceast\u0103 Politic\u0103 privind Cookie-urile explic\u0103 modul \u00een care <strong>Transilvania Driver<\/strong> (&#8222;noi&#8221;, &#8222;nou\u0103&#8221; sau &#8222;nostru&#8221;) utilizeaz\u0103 cookie-urile \u0219i tehnologiile similare pentru a v\u0103 recunoa\u0219te atunci c\u00e2nd vizita\u021bi site-ul nostru web la adresa <a href=\"https:\/\/transilvaniadriver.ro\/ro\/\">https:\/\/transilvaniadriver.ro\/<\/a>. Aceasta explic\u0103 ce sunt aceste tehnologii \u0219i de ce le folosim, precum \u0219i drepturile dumneavoastr\u0103 de a controla utilizarea lor.<\/p><h2>1. Ce sunt cookie-urile?<\/h2><p>Cookie-urile sunt fi\u0219iere de date mici care sunt plasate pe computerul sau dispozitivul dumneavoastr\u0103 mobil atunci<br> c\u00e2nd vizita\u021bi un site web. Cookie-urile sunt utilizate pe scar\u0103 larg\u0103 de proprietarii de site-uri pentru a face site-urile s\u0103 func\u021bioneze, sau s\u0103 func\u021bioneze mai eficient, precum \u0219i pentru a furniza informa\u021bii de raportare.<\/p><h2>2. De ce folosim cookie-uri?<\/h2><p>Utiliz\u0103m cookie-uri proprii (first-party) \u0219i de la ter\u021bi (third-party) din mai multe motive. Unele cookie-uri sunt necesare din motive tehnice pentru ca site-ul nostru s\u0103 func\u021bioneze, iar pe acestea le numim cookie-uri &#8222;esen\u021biale&#8221; sau &#8222;strict necesare&#8221;. Alte cookie-uri ne permit s\u0103 urm\u0103rim \u0219i s\u0103 viz\u0103m interesele utilizatorilor no\u0219tri pentru a \u00eembun\u0103t\u0103\u021bi experien\u021ba pe site-ul nostru.<\/p><h2>3. Tipurile de cookie-uri pe care le folosim<\/h2><ul><li><strong>Cookie-uri esen\u021biale:<\/strong> Acestea sunt strict necesare pentru a v\u0103 oferi serviciile disponibile prin intermediul site-ului nostru \u0219i pentru a utiliza unele dintre func\u021biile sale, cum ar fi accesul la zonele securizate.<\/li><li><strong>Cookie-uri de analiz\u0103 \u0219i personalizare:<\/strong> Aceste cookie-uri colecteaz\u0103 informa\u021bii care sunt utilizate fie \u00een form\u0103 agregat\u0103 pentru a ne ajuta s\u0103 \u00een\u021belegem cum este utilizat site-ul nostru sau c\u00e2t de eficiente sunt campaniile noastre de marketing, fie pentru a ne ajuta s\u0103 personaliz\u0103m site-ul pentru dumneavoastr\u0103.<\/li><li><strong>Cookie-uri de publicitate:<\/strong> Aceste cookie-uri sunt utilizate pentru a face mesajele publicitare mai relevante pentru dumneavoastr\u0103. Ele \u00eendeplinesc func\u021bii precum prevenirea reapari\u021biei continue a aceluia\u0219i anun\u021b, asigurarea afi\u0219\u0103rii corecte a anun\u021burilor pentru agen\u021bii de publicitate \u0219i, \u00een unele cazuri, selectarea anun\u021burilor bazate pe interesele dumneavoastr\u0103.<\/li><\/ul><h2>4. Cum pot controla cookie-urile?<\/h2><p>Ave\u021bi dreptul de a decide dac\u0103 accepta\u021bi sau respinge\u021bi cookie-urile. V\u0103 pute\u021bi seta sau modifica set\u0103rile browserului web pentru a accepta sau a refuza cookie-urile. Dac\u0103 alege\u021bi s\u0103 respinge\u021bi cookie-urile, pute\u021bi utiliza \u00een continuare site-ul nostru, de\u0219i accesul la anumite func\u021bionalit\u0103\u021bi \u0219i zone poate fi restric\u021bionat.<\/p><p>Majoritatea re\u021belelor de publicitate v\u0103 ofer\u0103 o modalitate de a renun\u021ba la publicitatea direc\u021bionat\u0103. Dac\u0103 dori\u021bi s\u0103 afla\u021bi mai multe informa\u021bii, v\u0103 rug\u0103m s\u0103 vizita\u021bi <a href=\"http:\/\/www.aboutads.info\/choices\/\" target=\"_blank\" rel=\"noopener\">AboutAds.info<\/a> sau <a href=\"http:\/\/www.youronlinechoices.com\" target=\"_blank\" rel=\"noopener\">Your Online Choices<\/a>.<\/p><h2>5. Cookie-uri specifice utilizate<\/h2><p>Deoarece acest site este construit pe platforma WordPress, acesta poate utiliza cookie-uri standard precum:<\/p><ul><li><strong>wordpress_[hash]:<\/strong> Pentru a stoca detaliile de autentificare.<\/li><li><strong>wp-settings-[time]-[UID]:<\/strong> Folosite pentru a personaliza vizualizarea interfe\u021bei de administrare \u0219i, eventual, interfa\u021ba principal\u0103 a site-ului.<\/li><li><strong>Google Analytics:<\/strong> Putem folosi Google Analytics pentru a monitoriza \u0219i analiza utilizarea<br> serviciului nostru.<\/li><\/ul><h2>6. Actualiz\u0103ri ale acestei politici<\/h2><p>Putem actualiza aceast\u0103 Politic\u0103 privind Cookie-urile periodic pentru a reflecta, de exemplu, modific\u0103ri ale cookie-urilor pe care le folosim sau din alte motive opera\u021bionale, legale sau de reglementare. V\u0103 rug\u0103m s\u0103 vizita\u021bi regulat aceast\u0103 pagin\u0103 pentru a r\u0103m\u00e2ne informa\u021bi cu privire la utilizarea cookie-urilor \u0219i a tehnologiilor conexe.<\/p><h2>7. Contacta\u021bi-ne<\/h2><p>Dac\u0103 ave\u021bi \u00eentreb\u0103ri despre utilizarea cookie-urilor sau a altor tehnologii, v\u0103 rug\u0103m s\u0103 ne contacta\u021bi prin<br> intermediul site-ului nostru la <a href=\"https:\/\/transilvaniadriver.ro\/ro\/\">https:\/\/transilvaniadriver.ro\/<\/a>.<\/p>\t\t\t\t\t\t\t\t<\/div>\n\t\t\t\t\t<\/div>\n\t\t\t\t<\/div>\n\t\t\t\t<\/div>\n\t\t","protected":false},"excerpt":{"rendered":"<p>Data intr\u0103rii \u00een vigoare: 29 Aprilie 2026 Aceast\u0103 Politic\u0103 privind Cookie-urile explic\u0103 modul \u00een care Transilvania Driver (&#8222;noi&#8221;, &#8222;nou\u0103&#8221; sau &#8222;nostru&#8221;) utilizeaz\u0103 cookie-urile \u0219i tehnologiile similare pentru a v\u0103 recunoa\u0219te atunci c\u00e2nd vizita\u021bi site-ul nostru web la adresa https:\/\/transilvaniadriver.ro\/. Aceasta explic\u0103 ce sunt aceste tehnologii \u0219i de ce le folosim, precum \u0219i drepturile dumneavoastr\u0103 de [&hellip;]<\/p>\n","protected":false},"author":3,"featured_media":0,"parent":0,"menu_order":0,"comment_status":"closed","ping_status":"closed","template":"","meta":{"footnotes":""},"class_list":["post-930","page","type-page","status-publish","hentry"],"_links":{"self":[{"href":"https:\/\/transilvaniadriver.ro\/ro\/wp-json\/wp\/v2\/pages\/930","targetHints":{"allow":["GET"]}}],"collection":[{"href":"https:\/\/transilvaniadriver.ro\/ro\/wp-json\/wp\/v2\/pages"}],"about":[{"href":"https:\/\/transilvaniadriver.ro\/ro\/wp-json\/wp\/v2\/types\/page"}],"author":[{"embeddable":true,"href":"https:\/\/transilvaniadriver.ro\/ro\/wp-json\/wp\/v2\/users\/3"}],"replies":[{"embeddable":true,"href":"https:\/\/transilvaniadriver.ro\/ro\/wp-json\/wp\/v2\/comments?post=930"}],"version-history":[{"count":6,"href":"https:\/\/transilvaniadriver.ro\/ro\/wp-json\/wp\/v2\/pages\/930\/revisions"}],"predecessor-version":[{"id":1644,"href":"https:\/\/transilvaniadriver.ro\/ro\/wp-json\/wp\/v2\/pages\/930\/revisions\/1644"}],"wp:attachment":[{"href":"https:\/\/transilvaniadriver.ro\/ro\/wp-json\/wp\/v2\/media?parent=930"}],"curies":[{"name":"wp","href":"https:\/\/api.w.org\/{rel}","templated":true}]}}